{"id":46,"date":"2021-03-15T14:35:21","date_gmt":"2021-03-15T14:35:21","guid":{"rendered":"http:\/\/www.singen-wien.at\/?page_id=46"},"modified":"2025-02-16T16:38:54","modified_gmt":"2025-02-16T16:38:54","slug":"angebot-preise","status":"publish","type":"page","link":"https:\/\/www.singen-wien.at\/?page_id=46","title":{"rendered":"Angebot\/Preise"},"content":{"rendered":"\t\t<div data-elementor-type=\"wp-page\" data-elementor-id=\"46\" class=\"elementor elementor-46\">\n\t\t\t\t\t\t<section class=\"elementor-section elementor-top-section elementor-element elementor-element-8f79dd8 elementor-section-boxed elementor-section-height-default elementor-section-height-default\" data-id=\"8f79dd8\" data-element_type=\"section\">\n\t\t\t\t\t\t<div class=\"elementor-container elementor-column-gap-default\">\n\t\t\t\t\t<div class=\"elementor-column elementor-col-100 elementor-top-column elementor-element elementor-element-8486e6b\" data-id=\"8486e6b\" data-element_type=\"column\">\n\t\t\t<div class=\"elementor-widget-wrap elementor-element-populated\">\n\t\t\t\t\t\t<div class=\"elementor-element elementor-element-184c7e2 elementor-widget elementor-widget-heading\" data-id=\"184c7e2\" data-element_type=\"widget\" data-widget_type=\"heading.default\">\n\t\t\t\t<div class=\"elementor-widget-container\">\n\t\t\t<h2 class=\"elementor-heading-title elementor-size-xl\">Angebot \/ Preise<\/h2>\t\t<\/div>\n\t\t\t\t<\/div>\n\t\t\t\t\t<\/div>\n\t\t<\/div>\n\t\t\t\t\t<\/div>\n\t\t<\/section>\n\t\t\t\t<section class=\"elementor-section elementor-top-section elementor-element elementor-element-349ccd5 elementor-section-height-min-height elementor-section-boxed elementor-section-height-default elementor-section-items-middle\" data-id=\"349ccd5\" data-element_type=\"section\">\n\t\t\t\t\t\t<div class=\"elementor-container elementor-column-gap-default\">\n\t\t\t\t\t<div class=\"elementor-column elementor-col-100 elementor-top-column elementor-element elementor-element-947ea37\" data-id=\"947ea37\" data-element_type=\"column\" data-settings=\"{&quot;animation&quot;:&quot;none&quot;,&quot;background_background&quot;:&quot;classic&quot;}\">\n\t\t\t<div class=\"elementor-widget-wrap elementor-element-populated\">\n\t\t\t\t\t\t<div class=\"elementor-element elementor-element-f441eaa elementor-widget elementor-widget-heading\" data-id=\"f441eaa\" data-element_type=\"widget\" data-settings=\"{&quot;_animation_mobile&quot;:&quot;none&quot;}\" data-widget_type=\"heading.default\">\n\t\t\t\t<div class=\"elementor-widget-container\">\n\t\t\t<h2 class=\"elementor-heading-title elementor-size-small\">Egal ob Anf\u00e4nger oder Fortgeschrittener, ob jung oder alt, zur Pr\u00fcfungsvorbereitung oder nur f\u00fcr sich selbst, in der Gruppe oder allein - singen macht gl\u00fccklich und f\u00f6rdert ganz nebenbei die Gesundheit, kognitive und nicht-kognitive F\u00e4higkeiten, die eigene K\u00f6rperwahrnehmung, das Selbstbewusstsein und vieles Andere.<\/h2>\t\t<\/div>\n\t\t\t\t<\/div>\n\t\t\t\t<div class=\"elementor-element elementor-element-fe65763 elementor-widget elementor-widget-heading\" data-id=\"fe65763\" data-element_type=\"widget\" data-widget_type=\"heading.default\">\n\t\t\t\t<div class=\"elementor-widget-container\">\n\t\t\t<h2 class=\"elementor-heading-title elementor-size-small\">Gezielte Stimmbildung ist ein genauso wichtiger Aspekt, wie das Musizieren an sich. Wer einfach zum Singen vorbeikommen mag, kann das also genauso tun, wie jemand, der bestimmte Ziele verfolgt. Der Unterricht richtet sich an alle, die auf die eine oder andere Art mit ihrer Stimme arbeiten wollen.<\/h2>\t\t<\/div>\n\t\t\t\t<\/div>\n\t\t\t\t<div class=\"elementor-element elementor-element-e8022ee elementor-widget elementor-widget-heading\" data-id=\"e8022ee\" data-element_type=\"widget\" data-widget_type=\"heading.default\">\n\t\t\t\t<div class=\"elementor-widget-container\">\n\t\t\t<h2 class=\"elementor-heading-title elementor-size-small\">Stimmbildung: Mit \u00f6konomischer Stimmf\u00fchrung zur pers\u00f6nlichen Stimme finden. <\/h2>\t\t<\/div>\n\t\t\t\t<\/div>\n\t\t\t\t<div class=\"elementor-element elementor-element-4383730 elementor-widget elementor-widget-heading\" data-id=\"4383730\" data-element_type=\"widget\" data-widget_type=\"heading.default\">\n\t\t\t\t<div class=\"elementor-widget-container\">\n\t\t\t<h2 class=\"elementor-heading-title elementor-size-small\">Atemtechnik: \u201eSingen ist Sport\u201c - Eine optimierte Atemtechnik unterst\u00fctzt jede Art des Singens und beugt Stimmsch\u00e4den vor<\/h2>\t\t<\/div>\n\t\t\t\t<\/div>\n\t\t\t\t<div class=\"elementor-element elementor-element-cd96d0c elementor-widget elementor-widget-heading\" data-id=\"cd96d0c\" data-element_type=\"widget\" data-widget_type=\"heading.default\">\n\t\t\t\t<div class=\"elementor-widget-container\">\n\t\t\t<h2 class=\"elementor-heading-title elementor-size-small\">Literatur: Ich gehe gern individuell auf die W\u00fcnsche meiner Sch\u00fclerInnen ein. Von Klassik (Lied, Oper, Oratorium) \u00fcber Jazz, Pop und Rock bis hin zu Volkslied und Musical ist alles m\u00f6glich. Gerne empfehle ich auch passende St\u00fccke. <\/h2>\t\t<\/div>\n\t\t\t\t<\/div>\n\t\t\t\t<div class=\"elementor-element elementor-element-5e4175a elementor-widget elementor-widget-heading\" data-id=\"5e4175a\" data-element_type=\"widget\" data-widget_type=\"heading.default\">\n\t\t\t\t<div class=\"elementor-widget-container\">\n\t\t\t<h2 class=\"elementor-heading-title elementor-size-small\">Musiktheorie: Das Vermitteln grundlegender Kenntnisse in Harmonielehre, die als Grundlage f\u00fcrs Blattsingen dienen, kann auf Wunsch in den Unterricht eingebaut werden.<\/h2>\t\t<\/div>\n\t\t\t\t<\/div>\n\t\t\t\t<div class=\"elementor-element elementor-element-4eadefb elementor-widget elementor-widget-heading\" data-id=\"4eadefb\" data-element_type=\"widget\" data-widget_type=\"heading.default\">\n\t\t\t\t<div class=\"elementor-widget-container\">\n\t\t\t<h2 class=\"elementor-heading-title elementor-size-small\">Preise:<\/h2>\t\t<\/div>\n\t\t\t\t<\/div>\n\t\t\t\t<div class=\"elementor-element elementor-element-015b2c9 elementor-widget elementor-widget-heading\" data-id=\"015b2c9\" data-element_type=\"widget\" data-widget_type=\"heading.default\">\n\t\t\t\t<div class=\"elementor-widget-container\">\n\t\t\t<h2 class=\"elementor-heading-title elementor-size-small\">45 Minuten 55\u20ac<\/h2>\t\t<\/div>\n\t\t\t\t<\/div>\n\t\t\t\t<div class=\"elementor-element elementor-element-05cdef5 elementor-widget elementor-widget-heading\" data-id=\"05cdef5\" data-element_type=\"widget\" data-widget_type=\"heading.default\">\n\t\t\t\t<div class=\"elementor-widget-container\">\n\t\t\t<h2 class=\"elementor-heading-title elementor-size-small\">30 Minuten 45\u20ac<\/h2>\t\t<\/div>\n\t\t\t\t<\/div>\n\t\t\t\t<div class=\"elementor-element elementor-element-acae95f elementor-widget elementor-widget-heading\" data-id=\"acae95f\" data-element_type=\"widget\" data-widget_type=\"heading.default\">\n\t\t\t\t<div class=\"elementor-widget-container\">\n\t\t\t<h2 class=\"elementor-heading-title elementor-size-small\">Der Unterricht findet im 4. Wiener Gemeindebezirk statt. Auf Anfrage kann das Angebot auch online via Zoom, Skype, etc. genutzt werden.<\/h2>\t\t<\/div>\n\t\t\t\t<\/div>\n\t\t\t\t\t<\/div>\n\t\t<\/div>\n\t\t\t\t\t<\/div>\n\t\t<\/section>\n\t\t\t\t<\/div>\n\t\t","protected":false},"excerpt":{"rendered":"<p>Angebot \/ Preise Egal ob Anf\u00e4nger oder Fortgeschrittener, ob jung oder alt, zur Pr\u00fcfungsvorbereitung oder nur f\u00fcr sich selbst, in der Gruppe oder allein &#8211; singen macht gl\u00fccklich und f\u00f6rdert ganz nebenbei die Gesundheit, kognitive und nicht-kognitive F\u00e4higkeiten, die eigene K\u00f6rperwahrnehmung, das Selbstbewusstsein und vieles Andere. Gezielte Stimmbildung ist ein genauso wichtiger Aspekt, wie das &hellip;<\/p>\n<p class=\"read-more\"> <a class=\"\" href=\"https:\/\/www.singen-wien.at\/?page_id=46\"> <span class=\"screen-reader-text\">Angebot\/Preise<\/span> Read More &raquo;<\/a><\/p>\n","protected":false},"author":3,"featured_media":0,"parent":0,"menu_order":0,"comment_status":"closed","ping_status":"closed","template":"","meta":{"footnotes":""},"class_list":["post-46","page","type-page","status-publish","hentry"],"yoast_head":"<!-- This site is optimized with the Yoast SEO plugin v27.4 - https:\/\/yoast.com\/product\/yoast-seo-wordpress\/ -->\n<title>Angebot\/Preise - Gesangsstudio - Anna Weber<\/title>\n<meta name=\"robots\" content=\"index, follow, max-snippet:-1, max-image-preview:large, max-video-preview:-1\" \/>\n<link rel=\"canonical\" href=\"https:\/\/www.singen-wien.at\/?page_id=46\" \/>\n<meta property=\"og:locale\" content=\"de_DE\" \/>\n<meta property=\"og:type\" content=\"article\" \/>\n<meta property=\"og:title\" content=\"Angebot\/Preise - Gesangsstudio - Anna Weber\" \/>\n<meta property=\"og:description\" content=\"Angebot \/ Preise Egal ob Anf\u00e4nger oder Fortgeschrittener, ob jung oder alt, zur Pr\u00fcfungsvorbereitung oder nur f\u00fcr sich selbst, in der Gruppe oder allein &#8211; singen macht gl\u00fccklich und f\u00f6rdert ganz nebenbei die Gesundheit, kognitive und nicht-kognitive F\u00e4higkeiten, die eigene K\u00f6rperwahrnehmung, das Selbstbewusstsein und vieles Andere. Gezielte Stimmbildung ist ein genauso wichtiger Aspekt, wie das &hellip; Angebot\/Preise Read More &raquo;\" \/>\n<meta property=\"og:url\" content=\"https:\/\/www.singen-wien.at\/?page_id=46\" \/>\n<meta property=\"og:site_name\" content=\"Gesangsstudio - Anna Weber\" \/>\n<meta property=\"article:modified_time\" content=\"2025-02-16T16:38:54+00:00\" \/>\n<meta name=\"twitter:card\" content=\"summary_large_image\" \/>\n<meta name=\"twitter:label1\" content=\"Gesch\u00e4tzte Lesezeit\" \/>\n\t<meta name=\"twitter:data1\" content=\"1 Minute\" \/>\n<script type=\"application\/ld+json\" class=\"yoast-schema-graph\">{\"@context\":\"https:\\\/\\\/schema.org\",\"@graph\":[{\"@type\":\"WebPage\",\"@id\":\"https:\\\/\\\/www.singen-wien.at\\\/?page_id=46\",\"url\":\"https:\\\/\\\/www.singen-wien.at\\\/?page_id=46\",\"name\":\"Angebot\\\/Preise - Gesangsstudio - Anna Weber\",\"isPartOf\":{\"@id\":\"https:\\\/\\\/www.singen-wien.at\\\/#website\"},\"datePublished\":\"2021-03-15T14:35:21+00:00\",\"dateModified\":\"2025-02-16T16:38:54+00:00\",\"breadcrumb\":{\"@id\":\"https:\\\/\\\/www.singen-wien.at\\\/?page_id=46#breadcrumb\"},\"inLanguage\":\"de-AT\",\"potentialAction\":[{\"@type\":\"ReadAction\",\"target\":[\"https:\\\/\\\/www.singen-wien.at\\\/?page_id=46\"]}]},{\"@type\":\"BreadcrumbList\",\"@id\":\"https:\\\/\\\/www.singen-wien.at\\\/?page_id=46#breadcrumb\",\"itemListElement\":[{\"@type\":\"ListItem\",\"position\":1,\"name\":\"Home\",\"item\":\"https:\\\/\\\/www.singen-wien.at\\\/\"},{\"@type\":\"ListItem\",\"position\":2,\"name\":\"Angebot\\\/Preise\"}]},{\"@type\":\"WebSite\",\"@id\":\"https:\\\/\\\/www.singen-wien.at\\\/#website\",\"url\":\"https:\\\/\\\/www.singen-wien.at\\\/\",\"name\":\"Gesangsstudio - Anna Weber\",\"description\":\"Einfach singen\",\"publisher\":{\"@id\":\"https:\\\/\\\/www.singen-wien.at\\\/#\\\/schema\\\/person\\\/a6189d8b82f72ae72b8d64dc9155e0a3\"},\"potentialAction\":[{\"@type\":\"SearchAction\",\"target\":{\"@type\":\"EntryPoint\",\"urlTemplate\":\"https:\\\/\\\/www.singen-wien.at\\\/?s={search_term_string}\"},\"query-input\":{\"@type\":\"PropertyValueSpecification\",\"valueRequired\":true,\"valueName\":\"search_term_string\"}}],\"inLanguage\":\"de-AT\"},{\"@type\":[\"Person\",\"Organization\"],\"@id\":\"https:\\\/\\\/www.singen-wien.at\\\/#\\\/schema\\\/person\\\/a6189d8b82f72ae72b8d64dc9155e0a3\",\"name\":\"Anna Weber\",\"image\":{\"@type\":\"ImageObject\",\"inLanguage\":\"de-AT\",\"@id\":\"https:\\\/\\\/www.singen-wien.at\\\/wp-content\\\/uploads\\\/2021\\\/06\\\/cropped-logoNeu2.png\",\"url\":\"https:\\\/\\\/www.singen-wien.at\\\/wp-content\\\/uploads\\\/2021\\\/06\\\/cropped-logoNeu2.png\",\"contentUrl\":\"https:\\\/\\\/www.singen-wien.at\\\/wp-content\\\/uploads\\\/2021\\\/06\\\/cropped-logoNeu2.png\",\"width\":360,\"height\":57,\"caption\":\"Anna Weber\"},\"logo\":{\"@id\":\"https:\\\/\\\/www.singen-wien.at\\\/wp-content\\\/uploads\\\/2021\\\/06\\\/cropped-logoNeu2.png\"}}]}<\/script>\n<!-- \/ Yoast SEO plugin. -->","yoast_head_json":{"title":"Angebot\/Preise - Gesangsstudio - Anna Weber","robots":{"index":"index","follow":"follow","max-snippet":"max-snippet:-1","max-image-preview":"max-image-preview:large","max-video-preview":"max-video-preview:-1"},"canonical":"https:\/\/www.singen-wien.at\/?page_id=46","og_locale":"de_DE","og_type":"article","og_title":"Angebot\/Preise - Gesangsstudio - Anna Weber","og_description":"Angebot \/ Preise Egal ob Anf\u00e4nger oder Fortgeschrittener, ob jung oder alt, zur Pr\u00fcfungsvorbereitung oder nur f\u00fcr sich selbst, in der Gruppe oder allein &#8211; singen macht gl\u00fccklich und f\u00f6rdert ganz nebenbei die Gesundheit, kognitive und nicht-kognitive F\u00e4higkeiten, die eigene K\u00f6rperwahrnehmung, das Selbstbewusstsein und vieles Andere. Gezielte Stimmbildung ist ein genauso wichtiger Aspekt, wie das &hellip; Angebot\/Preise Read More &raquo;","og_url":"https:\/\/www.singen-wien.at\/?page_id=46","og_site_name":"Gesangsstudio - Anna Weber","article_modified_time":"2025-02-16T16:38:54+00:00","twitter_card":"summary_large_image","twitter_misc":{"Gesch\u00e4tzte Lesezeit":"1 Minute"},"schema":{"@context":"https:\/\/schema.org","@graph":[{"@type":"WebPage","@id":"https:\/\/www.singen-wien.at\/?page_id=46","url":"https:\/\/www.singen-wien.at\/?page_id=46","name":"Angebot\/Preise - Gesangsstudio - Anna Weber","isPartOf":{"@id":"https:\/\/www.singen-wien.at\/#website"},"datePublished":"2021-03-15T14:35:21+00:00","dateModified":"2025-02-16T16:38:54+00:00","breadcrumb":{"@id":"https:\/\/www.singen-wien.at\/?page_id=46#breadcrumb"},"inLanguage":"de-AT","potentialAction":[{"@type":"ReadAction","target":["https:\/\/www.singen-wien.at\/?page_id=46"]}]},{"@type":"BreadcrumbList","@id":"https:\/\/www.singen-wien.at\/?page_id=46#breadcrumb","itemListElement":[{"@type":"ListItem","position":1,"name":"Home","item":"https:\/\/www.singen-wien.at\/"},{"@type":"ListItem","position":2,"name":"Angebot\/Preise"}]},{"@type":"WebSite","@id":"https:\/\/www.singen-wien.at\/#website","url":"https:\/\/www.singen-wien.at\/","name":"Gesangsstudio - Anna Weber","description":"Einfach singen","publisher":{"@id":"https:\/\/www.singen-wien.at\/#\/schema\/person\/a6189d8b82f72ae72b8d64dc9155e0a3"},"potentialAction":[{"@type":"SearchAction","target":{"@type":"EntryPoint","urlTemplate":"https:\/\/www.singen-wien.at\/?s={search_term_string}"},"query-input":{"@type":"PropertyValueSpecification","valueRequired":true,"valueName":"search_term_string"}}],"inLanguage":"de-AT"},{"@type":["Person","Organization"],"@id":"https:\/\/www.singen-wien.at\/#\/schema\/person\/a6189d8b82f72ae72b8d64dc9155e0a3","name":"Anna Weber","image":{"@type":"ImageObject","inLanguage":"de-AT","@id":"https:\/\/www.singen-wien.at\/wp-content\/uploads\/2021\/06\/cropped-logoNeu2.png","url":"https:\/\/www.singen-wien.at\/wp-content\/uploads\/2021\/06\/cropped-logoNeu2.png","contentUrl":"https:\/\/www.singen-wien.at\/wp-content\/uploads\/2021\/06\/cropped-logoNeu2.png","width":360,"height":57,"caption":"Anna Weber"},"logo":{"@id":"https:\/\/www.singen-wien.at\/wp-content\/uploads\/2021\/06\/cropped-logoNeu2.png"}}]}},"_links":{"self":[{"href":"https:\/\/www.singen-wien.at\/index.php?rest_route=\/wp\/v2\/pages\/46","targetHints":{"allow":["GET"]}}],"collection":[{"href":"https:\/\/www.singen-wien.at\/index.php?rest_route=\/wp\/v2\/pages"}],"about":[{"href":"https:\/\/www.singen-wien.at\/index.php?rest_route=\/wp\/v2\/types\/page"}],"author":[{"embeddable":true,"href":"https:\/\/www.singen-wien.at\/index.php?rest_route=\/wp\/v2\/users\/3"}],"replies":[{"embeddable":true,"href":"https:\/\/www.singen-wien.at\/index.php?rest_route=%2Fwp%2Fv2%2Fcomments&post=46"}],"version-history":[{"count":124,"href":"https:\/\/www.singen-wien.at\/index.php?rest_route=\/wp\/v2\/pages\/46\/revisions"}],"predecessor-version":[{"id":593,"href":"https:\/\/www.singen-wien.at\/index.php?rest_route=\/wp\/v2\/pages\/46\/revisions\/593"}],"wp:attachment":[{"href":"https:\/\/www.singen-wien.at\/index.php?rest_route=%2Fwp%2Fv2%2Fmedia&parent=46"}],"curies":[{"name":"wp","href":"https:\/\/api.w.org\/{rel}","templated":true}]}}