{"id":45,"date":"2021-03-15T14:35:21","date_gmt":"2021-03-15T14:35:21","guid":{"rendered":"http:\/\/www.singen-wien.at\/?page_id=45"},"modified":"2021-10-09T13:36:31","modified_gmt":"2021-10-09T13:36:31","slug":"ueber-mich","status":"publish","type":"page","link":"https:\/\/www.singen-wien.at\/?page_id=45","title":{"rendered":"\u00dcber mich"},"content":{"rendered":"\t\t<div data-elementor-type=\"wp-page\" data-elementor-id=\"45\" class=\"elementor elementor-45\">\n\t\t\t\t\t\t<section class=\"elementor-section elementor-top-section elementor-element elementor-element-70dd769 elementor-section-boxed elementor-section-height-default elementor-section-height-default\" data-id=\"70dd769\" data-element_type=\"section\">\n\t\t\t\t\t\t<div class=\"elementor-container elementor-column-gap-default\">\n\t\t\t\t\t<div class=\"elementor-column elementor-col-100 elementor-top-column elementor-element elementor-element-9a1cf13\" data-id=\"9a1cf13\" data-element_type=\"column\">\n\t\t\t<div class=\"elementor-widget-wrap elementor-element-populated\">\n\t\t\t\t\t\t<div class=\"elementor-element elementor-element-9fb3c8e elementor-widget elementor-widget-heading\" data-id=\"9fb3c8e\" data-element_type=\"widget\" data-widget_type=\"heading.default\">\n\t\t\t\t<div class=\"elementor-widget-container\">\n\t\t\t<h2 class=\"elementor-heading-title elementor-size-xl\">\u00dcber mich<\/h2>\t\t<\/div>\n\t\t\t\t<\/div>\n\t\t\t\t\t<\/div>\n\t\t<\/div>\n\t\t\t\t\t<\/div>\n\t\t<\/section>\n\t\t\t\t<section class=\"elementor-section elementor-top-section elementor-element elementor-element-529bcc9 elementor-section-boxed elementor-section-height-default elementor-section-height-default\" data-id=\"529bcc9\" data-element_type=\"section\">\n\t\t\t\t\t\t<div class=\"elementor-container elementor-column-gap-default\">\n\t\t\t\t\t<div class=\"elementor-column elementor-col-50 elementor-top-column elementor-element elementor-element-b3e915c\" data-id=\"b3e915c\" data-element_type=\"column\">\n\t\t\t<div class=\"elementor-widget-wrap elementor-element-populated\">\n\t\t\t\t\t\t<div class=\"elementor-element elementor-element-0f25c0b elementor-widget elementor-widget-image\" data-id=\"0f25c0b\" data-element_type=\"widget\" data-widget_type=\"image.default\">\n\t\t\t\t<div class=\"elementor-widget-container\">\n\t\t\t\t\t\t\t\t\t\t\t\t\t<img fetchpriority=\"high\" decoding=\"async\" width=\"683\" height=\"1024\" src=\"https:\/\/www.singen-wien.at\/wp-content\/uploads\/2021\/03\/maximilinsalzer_anna_distanceportrait_8785-683x1024.jpg\" class=\"attachment-large size-large wp-image-95\" alt=\"\" srcset=\"https:\/\/www.singen-wien.at\/wp-content\/uploads\/2021\/03\/maximilinsalzer_anna_distanceportrait_8785-683x1024.jpg 683w, https:\/\/www.singen-wien.at\/wp-content\/uploads\/2021\/03\/maximilinsalzer_anna_distanceportrait_8785-200x300.jpg 200w, https:\/\/www.singen-wien.at\/wp-content\/uploads\/2021\/03\/maximilinsalzer_anna_distanceportrait_8785-768x1152.jpg 768w, https:\/\/www.singen-wien.at\/wp-content\/uploads\/2021\/03\/maximilinsalzer_anna_distanceportrait_8785-1024x1536.jpg 1024w, https:\/\/www.singen-wien.at\/wp-content\/uploads\/2021\/03\/maximilinsalzer_anna_distanceportrait_8785-1365x2048.jpg 1365w, https:\/\/www.singen-wien.at\/wp-content\/uploads\/2021\/03\/maximilinsalzer_anna_distanceportrait_8785-scaled.jpg 1707w\" sizes=\"(max-width: 683px) 100vw, 683px\" \/>\t\t\t\t\t\t\t\t\t\t\t\t\t<\/div>\n\t\t\t\t<\/div>\n\t\t\t\t\t<\/div>\n\t\t<\/div>\n\t\t\t\t<div class=\"elementor-column elementor-col-50 elementor-top-column elementor-element elementor-element-3b86b1d\" data-id=\"3b86b1d\" data-element_type=\"column\" data-settings=\"{&quot;background_background&quot;:&quot;classic&quot;}\">\n\t\t\t<div class=\"elementor-widget-wrap elementor-element-populated\">\n\t\t\t\t\t\t<div class=\"elementor-element elementor-element-452ff70 elementor-widget elementor-widget-heading\" data-id=\"452ff70\" data-element_type=\"widget\" data-widget_type=\"heading.default\">\n\t\t\t\t<div class=\"elementor-widget-container\">\n\t\t\t<h3 class=\"elementor-heading-title elementor-size-small\">Singen war schon immer ein wichtiger Bestandteil meines Lebens. Neben dem Instrumentalunterricht in Violoncello und Klavier begann ich mit 15 Jahren auch meine Gesangsausbildung am Musikum Salzburg. Das Studium absolvierte ich an der Anton Bruckner Privatuniversit\u00e4t in Linz bei Ao.Univ.Prof.Mag. Andreas Lebeda  in den F\u00e4chern Gesang und Gesangsp\u00e4dagogik mit Schwerpunkt Chor- und Ensembleleitung.<\/h3>\t\t<\/div>\n\t\t\t\t<\/div>\n\t\t\t\t<div class=\"elementor-element elementor-element-d6440e9 elementor-widget elementor-widget-heading\" data-id=\"d6440e9\" data-element_type=\"widget\" data-widget_type=\"heading.default\">\n\t\t\t\t<div class=\"elementor-widget-container\">\n\t\t\t<h3 class=\"elementor-heading-title elementor-size-small\">Nach dem erfolgreichen Studienabschluss wurde ich zuerst noch in Salzburg bei Cornelia Prestel unterrichtet bevor es mich anschlie\u00dfend nach Wien zog, wo ich seit einigen Jahren mit Irina Gavrilovici arbeite.<\/h3>\t\t<\/div>\n\t\t\t\t<\/div>\n\t\t\t\t<div class=\"elementor-element elementor-element-80af930 elementor-widget elementor-widget-heading\" data-id=\"80af930\" data-element_type=\"widget\" data-widget_type=\"heading.default\">\n\t\t\t\t<div class=\"elementor-widget-container\">\n\t\t\t<h3 class=\"elementor-heading-title elementor-size-small\">Durch das solistische und chorische Mitwirken in Opernproduktionen und Konzerten \u00fcber Tourneen bis hin zu Fernsehauftritten habe ich ein breites Spektrum an Erfahrung sammeln d\u00fcrfen. Auch die Teilnahme an Meisterkursen u.a. bei Rudolf Piernay, Emma Kirkby, Malin Hartelius, Kurt Widmer hat meine k\u00fcnstlerische Entwicklung gepr\u00e4gt. <\/h3>\t\t<\/div>\n\t\t\t\t<\/div>\n\t\t\t\t<div class=\"elementor-element elementor-element-5b468b3 elementor-widget elementor-widget-heading\" data-id=\"5b468b3\" data-element_type=\"widget\" data-widget_type=\"heading.default\">\n\t\t\t\t<div class=\"elementor-widget-container\">\n\t\t\t<h3 class=\"elementor-heading-title elementor-size-small\">Von klein auf ist mir die Freude an Musik und Gesang in der Familie mitgegeben worden. Diese Freude m\u00f6chte ich nun gerne weitergeben.<\/h3>\t\t<\/div>\n\t\t\t\t<\/div>\n\t\t\t\t\t<\/div>\n\t\t<\/div>\n\t\t\t\t\t<\/div>\n\t\t<\/section>\n\t\t\t\t<section class=\"elementor-section elementor-top-section elementor-element elementor-element-a1c89af elementor-section-boxed elementor-section-height-default elementor-section-height-default\" data-id=\"a1c89af\" data-element_type=\"section\">\n\t\t\t\t\t\t<div class=\"elementor-container elementor-column-gap-default\">\n\t\t\t\t\t\t<\/div>\n\t\t<\/section>\n\t\t\t\t<\/div>\n\t\t","protected":false},"excerpt":{"rendered":"<p>\u00dcber mich Singen war schon immer ein wichtiger Bestandteil meines Lebens. Neben dem Instrumentalunterricht in Violoncello und Klavier begann ich mit 15 Jahren auch meine Gesangsausbildung am Musikum Salzburg. Das Studium absolvierte ich an der Anton Bruckner Privatuniversit\u00e4t in Linz bei Ao.Univ.Prof.Mag. Andreas Lebeda in den F\u00e4chern Gesang und Gesangsp\u00e4dagogik mit Schwerpunkt Chor- und Ensembleleitung. &hellip;<\/p>\n<p class=\"read-more\"> <a class=\"\" href=\"https:\/\/www.singen-wien.at\/?page_id=45\"> <span class=\"screen-reader-text\">\u00dcber mich<\/span> Read More &raquo;<\/a><\/p>\n","protected":false},"author":3,"featured_media":0,"parent":0,"menu_order":0,"comment_status":"closed","ping_status":"closed","template":"","meta":{"footnotes":""},"class_list":["post-45","page","type-page","status-publish","hentry"],"yoast_head":"<!-- This site is optimized with the Yoast SEO plugin v27.4 - https:\/\/yoast.com\/product\/yoast-seo-wordpress\/ -->\n<title>\u00dcber mich - Gesangsstudio - Anna Weber<\/title>\n<meta name=\"robots\" content=\"index, follow, max-snippet:-1, max-image-preview:large, max-video-preview:-1\" \/>\n<link rel=\"canonical\" href=\"https:\/\/www.singen-wien.at\/?page_id=45\" \/>\n<meta property=\"og:locale\" content=\"de_DE\" \/>\n<meta property=\"og:type\" content=\"article\" \/>\n<meta property=\"og:title\" content=\"\u00dcber mich - Gesangsstudio - Anna Weber\" \/>\n<meta property=\"og:description\" content=\"\u00dcber mich Singen war schon immer ein wichtiger Bestandteil meines Lebens. Neben dem Instrumentalunterricht in Violoncello und Klavier begann ich mit 15 Jahren auch meine Gesangsausbildung am Musikum Salzburg. Das Studium absolvierte ich an der Anton Bruckner Privatuniversit\u00e4t in Linz bei Ao.Univ.Prof.Mag. Andreas Lebeda in den F\u00e4chern Gesang und Gesangsp\u00e4dagogik mit Schwerpunkt Chor- und Ensembleleitung. &hellip; \u00dcber mich Read More &raquo;\" \/>\n<meta property=\"og:url\" content=\"https:\/\/www.singen-wien.at\/?page_id=45\" \/>\n<meta property=\"og:site_name\" content=\"Gesangsstudio - Anna Weber\" \/>\n<meta property=\"article:modified_time\" content=\"2021-10-09T13:36:31+00:00\" \/>\n<meta property=\"og:image\" content=\"https:\/\/www.singen-wien.at\/wp-content\/uploads\/2021\/03\/maximilinsalzer_anna_distanceportrait_8785-683x1024.jpg\" \/>\n<meta name=\"twitter:card\" content=\"summary_large_image\" \/>\n<meta name=\"twitter:label1\" content=\"Gesch\u00e4tzte Lesezeit\" \/>\n\t<meta name=\"twitter:data1\" content=\"1 Minute\" \/>\n<script type=\"application\/ld+json\" class=\"yoast-schema-graph\">{\"@context\":\"https:\\\/\\\/schema.org\",\"@graph\":[{\"@type\":\"WebPage\",\"@id\":\"https:\\\/\\\/www.singen-wien.at\\\/?page_id=45\",\"url\":\"https:\\\/\\\/www.singen-wien.at\\\/?page_id=45\",\"name\":\"\u00dcber mich - Gesangsstudio - Anna Weber\",\"isPartOf\":{\"@id\":\"https:\\\/\\\/www.singen-wien.at\\\/#website\"},\"primaryImageOfPage\":{\"@id\":\"https:\\\/\\\/www.singen-wien.at\\\/?page_id=45#primaryimage\"},\"image\":{\"@id\":\"https:\\\/\\\/www.singen-wien.at\\\/?page_id=45#primaryimage\"},\"thumbnailUrl\":\"https:\\\/\\\/www.singen-wien.at\\\/wp-content\\\/uploads\\\/2021\\\/03\\\/maximilinsalzer_anna_distanceportrait_8785-683x1024.jpg\",\"datePublished\":\"2021-03-15T14:35:21+00:00\",\"dateModified\":\"2021-10-09T13:36:31+00:00\",\"breadcrumb\":{\"@id\":\"https:\\\/\\\/www.singen-wien.at\\\/?page_id=45#breadcrumb\"},\"inLanguage\":\"de-AT\",\"potentialAction\":[{\"@type\":\"ReadAction\",\"target\":[\"https:\\\/\\\/www.singen-wien.at\\\/?page_id=45\"]}]},{\"@type\":\"ImageObject\",\"inLanguage\":\"de-AT\",\"@id\":\"https:\\\/\\\/www.singen-wien.at\\\/?page_id=45#primaryimage\",\"url\":\"https:\\\/\\\/www.singen-wien.at\\\/wp-content\\\/uploads\\\/2021\\\/03\\\/maximilinsalzer_anna_distanceportrait_8785-683x1024.jpg\",\"contentUrl\":\"https:\\\/\\\/www.singen-wien.at\\\/wp-content\\\/uploads\\\/2021\\\/03\\\/maximilinsalzer_anna_distanceportrait_8785-683x1024.jpg\"},{\"@type\":\"BreadcrumbList\",\"@id\":\"https:\\\/\\\/www.singen-wien.at\\\/?page_id=45#breadcrumb\",\"itemListElement\":[{\"@type\":\"ListItem\",\"position\":1,\"name\":\"Home\",\"item\":\"https:\\\/\\\/www.singen-wien.at\\\/\"},{\"@type\":\"ListItem\",\"position\":2,\"name\":\"\u00dcber mich\"}]},{\"@type\":\"WebSite\",\"@id\":\"https:\\\/\\\/www.singen-wien.at\\\/#website\",\"url\":\"https:\\\/\\\/www.singen-wien.at\\\/\",\"name\":\"Gesangsstudio - Anna Weber\",\"description\":\"Einfach singen\",\"publisher\":{\"@id\":\"https:\\\/\\\/www.singen-wien.at\\\/#\\\/schema\\\/person\\\/a6189d8b82f72ae72b8d64dc9155e0a3\"},\"potentialAction\":[{\"@type\":\"SearchAction\",\"target\":{\"@type\":\"EntryPoint\",\"urlTemplate\":\"https:\\\/\\\/www.singen-wien.at\\\/?s={search_term_string}\"},\"query-input\":{\"@type\":\"PropertyValueSpecification\",\"valueRequired\":true,\"valueName\":\"search_term_string\"}}],\"inLanguage\":\"de-AT\"},{\"@type\":[\"Person\",\"Organization\"],\"@id\":\"https:\\\/\\\/www.singen-wien.at\\\/#\\\/schema\\\/person\\\/a6189d8b82f72ae72b8d64dc9155e0a3\",\"name\":\"Anna Weber\",\"image\":{\"@type\":\"ImageObject\",\"inLanguage\":\"de-AT\",\"@id\":\"https:\\\/\\\/www.singen-wien.at\\\/wp-content\\\/uploads\\\/2021\\\/06\\\/cropped-logoNeu2.png\",\"url\":\"https:\\\/\\\/www.singen-wien.at\\\/wp-content\\\/uploads\\\/2021\\\/06\\\/cropped-logoNeu2.png\",\"contentUrl\":\"https:\\\/\\\/www.singen-wien.at\\\/wp-content\\\/uploads\\\/2021\\\/06\\\/cropped-logoNeu2.png\",\"width\":360,\"height\":57,\"caption\":\"Anna Weber\"},\"logo\":{\"@id\":\"https:\\\/\\\/www.singen-wien.at\\\/wp-content\\\/uploads\\\/2021\\\/06\\\/cropped-logoNeu2.png\"}}]}<\/script>\n<!-- \/ Yoast SEO plugin. -->","yoast_head_json":{"title":"\u00dcber mich - Gesangsstudio - Anna Weber","robots":{"index":"index","follow":"follow","max-snippet":"max-snippet:-1","max-image-preview":"max-image-preview:large","max-video-preview":"max-video-preview:-1"},"canonical":"https:\/\/www.singen-wien.at\/?page_id=45","og_locale":"de_DE","og_type":"article","og_title":"\u00dcber mich - Gesangsstudio - Anna Weber","og_description":"\u00dcber mich Singen war schon immer ein wichtiger Bestandteil meines Lebens. Neben dem Instrumentalunterricht in Violoncello und Klavier begann ich mit 15 Jahren auch meine Gesangsausbildung am Musikum Salzburg. Das Studium absolvierte ich an der Anton Bruckner Privatuniversit\u00e4t in Linz bei Ao.Univ.Prof.Mag. Andreas Lebeda in den F\u00e4chern Gesang und Gesangsp\u00e4dagogik mit Schwerpunkt Chor- und Ensembleleitung. &hellip; \u00dcber mich Read More &raquo;","og_url":"https:\/\/www.singen-wien.at\/?page_id=45","og_site_name":"Gesangsstudio - Anna Weber","article_modified_time":"2021-10-09T13:36:31+00:00","og_image":[{"url":"https:\/\/www.singen-wien.at\/wp-content\/uploads\/2021\/03\/maximilinsalzer_anna_distanceportrait_8785-683x1024.jpg","type":"","width":"","height":""}],"twitter_card":"summary_large_image","twitter_misc":{"Gesch\u00e4tzte Lesezeit":"1 Minute"},"schema":{"@context":"https:\/\/schema.org","@graph":[{"@type":"WebPage","@id":"https:\/\/www.singen-wien.at\/?page_id=45","url":"https:\/\/www.singen-wien.at\/?page_id=45","name":"\u00dcber mich - Gesangsstudio - Anna Weber","isPartOf":{"@id":"https:\/\/www.singen-wien.at\/#website"},"primaryImageOfPage":{"@id":"https:\/\/www.singen-wien.at\/?page_id=45#primaryimage"},"image":{"@id":"https:\/\/www.singen-wien.at\/?page_id=45#primaryimage"},"thumbnailUrl":"https:\/\/www.singen-wien.at\/wp-content\/uploads\/2021\/03\/maximilinsalzer_anna_distanceportrait_8785-683x1024.jpg","datePublished":"2021-03-15T14:35:21+00:00","dateModified":"2021-10-09T13:36:31+00:00","breadcrumb":{"@id":"https:\/\/www.singen-wien.at\/?page_id=45#breadcrumb"},"inLanguage":"de-AT","potentialAction":[{"@type":"ReadAction","target":["https:\/\/www.singen-wien.at\/?page_id=45"]}]},{"@type":"ImageObject","inLanguage":"de-AT","@id":"https:\/\/www.singen-wien.at\/?page_id=45#primaryimage","url":"https:\/\/www.singen-wien.at\/wp-content\/uploads\/2021\/03\/maximilinsalzer_anna_distanceportrait_8785-683x1024.jpg","contentUrl":"https:\/\/www.singen-wien.at\/wp-content\/uploads\/2021\/03\/maximilinsalzer_anna_distanceportrait_8785-683x1024.jpg"},{"@type":"BreadcrumbList","@id":"https:\/\/www.singen-wien.at\/?page_id=45#breadcrumb","itemListElement":[{"@type":"ListItem","position":1,"name":"Home","item":"https:\/\/www.singen-wien.at\/"},{"@type":"ListItem","position":2,"name":"\u00dcber mich"}]},{"@type":"WebSite","@id":"https:\/\/www.singen-wien.at\/#website","url":"https:\/\/www.singen-wien.at\/","name":"Gesangsstudio - Anna Weber","description":"Einfach singen","publisher":{"@id":"https:\/\/www.singen-wien.at\/#\/schema\/person\/a6189d8b82f72ae72b8d64dc9155e0a3"},"potentialAction":[{"@type":"SearchAction","target":{"@type":"EntryPoint","urlTemplate":"https:\/\/www.singen-wien.at\/?s={search_term_string}"},"query-input":{"@type":"PropertyValueSpecification","valueRequired":true,"valueName":"search_term_string"}}],"inLanguage":"de-AT"},{"@type":["Person","Organization"],"@id":"https:\/\/www.singen-wien.at\/#\/schema\/person\/a6189d8b82f72ae72b8d64dc9155e0a3","name":"Anna Weber","image":{"@type":"ImageObject","inLanguage":"de-AT","@id":"https:\/\/www.singen-wien.at\/wp-content\/uploads\/2021\/06\/cropped-logoNeu2.png","url":"https:\/\/www.singen-wien.at\/wp-content\/uploads\/2021\/06\/cropped-logoNeu2.png","contentUrl":"https:\/\/www.singen-wien.at\/wp-content\/uploads\/2021\/06\/cropped-logoNeu2.png","width":360,"height":57,"caption":"Anna Weber"},"logo":{"@id":"https:\/\/www.singen-wien.at\/wp-content\/uploads\/2021\/06\/cropped-logoNeu2.png"}}]}},"_links":{"self":[{"href":"https:\/\/www.singen-wien.at\/index.php?rest_route=\/wp\/v2\/pages\/45","targetHints":{"allow":["GET"]}}],"collection":[{"href":"https:\/\/www.singen-wien.at\/index.php?rest_route=\/wp\/v2\/pages"}],"about":[{"href":"https:\/\/www.singen-wien.at\/index.php?rest_route=\/wp\/v2\/types\/page"}],"author":[{"embeddable":true,"href":"https:\/\/www.singen-wien.at\/index.php?rest_route=\/wp\/v2\/users\/3"}],"replies":[{"embeddable":true,"href":"https:\/\/www.singen-wien.at\/index.php?rest_route=%2Fwp%2Fv2%2Fcomments&post=45"}],"version-history":[{"count":130,"href":"https:\/\/www.singen-wien.at\/index.php?rest_route=\/wp\/v2\/pages\/45\/revisions"}],"predecessor-version":[{"id":583,"href":"https:\/\/www.singen-wien.at\/index.php?rest_route=\/wp\/v2\/pages\/45\/revisions\/583"}],"wp:attachment":[{"href":"https:\/\/www.singen-wien.at\/index.php?rest_route=%2Fwp%2Fv2%2Fmedia&parent=45"}],"curies":[{"name":"wp","href":"https:\/\/api.w.org\/{rel}","templated":true}]}}