{"id":419,"date":"2021-05-10T13:59:12","date_gmt":"2021-05-10T13:59:12","guid":{"rendered":"http:\/\/www.singen-wien.at\/?page_id=419"},"modified":"2021-05-10T14:00:13","modified_gmt":"2021-05-10T14:00:13","slug":"agb","status":"publish","type":"page","link":"https:\/\/www.singen-wien.at\/?page_id=419","title":{"rendered":"AGB"},"content":{"rendered":"<p>Allgemeine Gesch\u00e4ftsbedingungen<\/p>\n<p>Stand 2021<\/p>\n<p>\u00a7 1 Zahlungsm\u00f6glichkeiten<br \/>\nDie Bezahlung erfolgt in Bar oder via \u00dcberweisung auf folgendes Bankkonto:<\/p>\n<p>Kontoinhaberin: Anna Weber<br \/>\nIBAN: AT63 1200 0501 1602 2337<br \/>\nBIC: BKAUATWW<\/p>\n<p>\u00a7 2 Aufkl\u00e4rung<br \/>\nDer Unterricht findet nur statt, wenn sowohl Sch\u00fclerIn als auch Lehrerin bei bester Gesundheit sind. Bei bestehenden Stimmproblemen muss vorher mit dem Arzt abgekl\u00e4rt werden, ob der Unterricht sinnvoll ist. <\/p>\n<p>\u00a7 3 Stornom\u00f6glichkeiten<br \/>\nDie Terminvereinbarungen sind verbindlich.<br \/>\nTermine k\u00f6nnen bis zu 24 Stunden vorher abgesagt oder umgebucht werden. Bei Absage zu einem sp\u00e4teren Zeitpunkt f\u00e4llt eine Stornogeb\u00fchr von 50% des Originalpreises an. Bei nicht Erscheinen ohne vorherige Bekanntgabe werden 100% verrechnet. Ausnahmen sind akute Krankheitsf\u00e4lle oder Ereignisse h\u00f6herer Gewalt. Absagen dieser Art werden ausschlie\u00dflich telefonisch unter der Nummer +43 664 4046822 entgegen genommen.<\/p>\n<p>\u00a7 4 Absage<br \/>\nGeplante Termine k\u00f6nnen aufgrund unvorhersehbarer Gr\u00fcnde zeitgerecht von der Lehrperson abgesagt werden. In diesem Fall bem\u00fcht sich die Lehrperson redlich, einen baldigen Ersatztermin in Absprache mit dem\/der Sch\u00fclerIn zu finden.<\/p>\n<p>\u00a7 5 Datenschutz<br \/>\nAlle angegebenen Daten (Name, Email-Adresse, Telefonnummer) werden ausschlie\u00dflich zur Kommunikation zwischen Lehrerin und Sch\u00fclerIn verwendet und nicht an Dritte weitergegeben. <\/p>\n","protected":false},"excerpt":{"rendered":"<p>Allgemeine Gesch\u00e4ftsbedingungen Stand 2021 \u00a7 1 Zahlungsm\u00f6glichkeiten Die Bezahlung erfolgt in Bar oder via \u00dcberweisung auf folgendes Bankkonto: Kontoinhaberin: Anna Weber IBAN: AT63 1200 0501 1602 2337 BIC: BKAUATWW \u00a7 2 Aufkl\u00e4rung Der Unterricht findet nur statt, wenn sowohl Sch\u00fclerIn als auch Lehrerin bei bester Gesundheit sind. Bei bestehenden Stimmproblemen muss vorher mit dem Arzt &hellip;<\/p>\n<p class=\"read-more\"> <a class=\"\" href=\"https:\/\/www.singen-wien.at\/?page_id=419\"> <span class=\"screen-reader-text\">AGB<\/span> Read More &raquo;<\/a><\/p>\n","protected":false},"author":3,"featured_media":0,"parent":0,"menu_order":0,"comment_status":"closed","ping_status":"closed","template":"","meta":{"footnotes":""},"class_list":["post-419","page","type-page","status-publish","hentry"],"yoast_head":"<!-- This site is optimized with the Yoast SEO plugin v27.4 - https:\/\/yoast.com\/product\/yoast-seo-wordpress\/ -->\n<title>AGB - Gesangsstudio - Anna Weber<\/title>\n<meta name=\"robots\" content=\"index, follow, max-snippet:-1, max-image-preview:large, max-video-preview:-1\" \/>\n<link rel=\"canonical\" href=\"https:\/\/www.singen-wien.at\/?page_id=419\" \/>\n<meta property=\"og:locale\" content=\"de_DE\" \/>\n<meta property=\"og:type\" content=\"article\" \/>\n<meta property=\"og:title\" content=\"AGB - Gesangsstudio - Anna Weber\" \/>\n<meta property=\"og:description\" content=\"Allgemeine Gesch\u00e4ftsbedingungen Stand 2021 \u00a7 1 Zahlungsm\u00f6glichkeiten Die Bezahlung erfolgt in Bar oder via \u00dcberweisung auf folgendes Bankkonto: Kontoinhaberin: Anna Weber IBAN: AT63 1200 0501 1602 2337 BIC: BKAUATWW \u00a7 2 Aufkl\u00e4rung Der Unterricht findet nur statt, wenn sowohl Sch\u00fclerIn als auch Lehrerin bei bester Gesundheit sind. Bei bestehenden Stimmproblemen muss vorher mit dem Arzt &hellip; AGB Read More &raquo;\" \/>\n<meta property=\"og:url\" content=\"https:\/\/www.singen-wien.at\/?page_id=419\" \/>\n<meta property=\"og:site_name\" content=\"Gesangsstudio - Anna Weber\" \/>\n<meta property=\"article:modified_time\" content=\"2021-05-10T14:00:13+00:00\" \/>\n<meta name=\"twitter:card\" content=\"summary_large_image\" \/>\n<meta name=\"twitter:label1\" content=\"Gesch\u00e4tzte Lesezeit\" \/>\n\t<meta name=\"twitter:data1\" content=\"1 Minute\" \/>\n<script type=\"application\/ld+json\" class=\"yoast-schema-graph\">{\"@context\":\"https:\\\/\\\/schema.org\",\"@graph\":[{\"@type\":\"WebPage\",\"@id\":\"https:\\\/\\\/www.singen-wien.at\\\/?page_id=419\",\"url\":\"https:\\\/\\\/www.singen-wien.at\\\/?page_id=419\",\"name\":\"AGB - Gesangsstudio - Anna Weber\",\"isPartOf\":{\"@id\":\"https:\\\/\\\/www.singen-wien.at\\\/#website\"},\"datePublished\":\"2021-05-10T13:59:12+00:00\",\"dateModified\":\"2021-05-10T14:00:13+00:00\",\"breadcrumb\":{\"@id\":\"https:\\\/\\\/www.singen-wien.at\\\/?page_id=419#breadcrumb\"},\"inLanguage\":\"de-AT\",\"potentialAction\":[{\"@type\":\"ReadAction\",\"target\":[\"https:\\\/\\\/www.singen-wien.at\\\/?page_id=419\"]}]},{\"@type\":\"BreadcrumbList\",\"@id\":\"https:\\\/\\\/www.singen-wien.at\\\/?page_id=419#breadcrumb\",\"itemListElement\":[{\"@type\":\"ListItem\",\"position\":1,\"name\":\"Home\",\"item\":\"https:\\\/\\\/www.singen-wien.at\\\/\"},{\"@type\":\"ListItem\",\"position\":2,\"name\":\"AGB\"}]},{\"@type\":\"WebSite\",\"@id\":\"https:\\\/\\\/www.singen-wien.at\\\/#website\",\"url\":\"https:\\\/\\\/www.singen-wien.at\\\/\",\"name\":\"Gesangsstudio - Anna Weber\",\"description\":\"Einfach singen\",\"publisher\":{\"@id\":\"https:\\\/\\\/www.singen-wien.at\\\/#\\\/schema\\\/person\\\/a6189d8b82f72ae72b8d64dc9155e0a3\"},\"potentialAction\":[{\"@type\":\"SearchAction\",\"target\":{\"@type\":\"EntryPoint\",\"urlTemplate\":\"https:\\\/\\\/www.singen-wien.at\\\/?s={search_term_string}\"},\"query-input\":{\"@type\":\"PropertyValueSpecification\",\"valueRequired\":true,\"valueName\":\"search_term_string\"}}],\"inLanguage\":\"de-AT\"},{\"@type\":[\"Person\",\"Organization\"],\"@id\":\"https:\\\/\\\/www.singen-wien.at\\\/#\\\/schema\\\/person\\\/a6189d8b82f72ae72b8d64dc9155e0a3\",\"name\":\"Anna Weber\",\"image\":{\"@type\":\"ImageObject\",\"inLanguage\":\"de-AT\",\"@id\":\"https:\\\/\\\/www.singen-wien.at\\\/wp-content\\\/uploads\\\/2021\\\/06\\\/cropped-logoNeu2.png\",\"url\":\"https:\\\/\\\/www.singen-wien.at\\\/wp-content\\\/uploads\\\/2021\\\/06\\\/cropped-logoNeu2.png\",\"contentUrl\":\"https:\\\/\\\/www.singen-wien.at\\\/wp-content\\\/uploads\\\/2021\\\/06\\\/cropped-logoNeu2.png\",\"width\":360,\"height\":57,\"caption\":\"Anna Weber\"},\"logo\":{\"@id\":\"https:\\\/\\\/www.singen-wien.at\\\/wp-content\\\/uploads\\\/2021\\\/06\\\/cropped-logoNeu2.png\"}}]}<\/script>\n<!-- \/ Yoast SEO plugin. -->","yoast_head_json":{"title":"AGB - Gesangsstudio - Anna Weber","robots":{"index":"index","follow":"follow","max-snippet":"max-snippet:-1","max-image-preview":"max-image-preview:large","max-video-preview":"max-video-preview:-1"},"canonical":"https:\/\/www.singen-wien.at\/?page_id=419","og_locale":"de_DE","og_type":"article","og_title":"AGB - Gesangsstudio - Anna Weber","og_description":"Allgemeine Gesch\u00e4ftsbedingungen Stand 2021 \u00a7 1 Zahlungsm\u00f6glichkeiten Die Bezahlung erfolgt in Bar oder via \u00dcberweisung auf folgendes Bankkonto: Kontoinhaberin: Anna Weber IBAN: AT63 1200 0501 1602 2337 BIC: BKAUATWW \u00a7 2 Aufkl\u00e4rung Der Unterricht findet nur statt, wenn sowohl Sch\u00fclerIn als auch Lehrerin bei bester Gesundheit sind. Bei bestehenden Stimmproblemen muss vorher mit dem Arzt &hellip; AGB Read More &raquo;","og_url":"https:\/\/www.singen-wien.at\/?page_id=419","og_site_name":"Gesangsstudio - Anna Weber","article_modified_time":"2021-05-10T14:00:13+00:00","twitter_card":"summary_large_image","twitter_misc":{"Gesch\u00e4tzte Lesezeit":"1 Minute"},"schema":{"@context":"https:\/\/schema.org","@graph":[{"@type":"WebPage","@id":"https:\/\/www.singen-wien.at\/?page_id=419","url":"https:\/\/www.singen-wien.at\/?page_id=419","name":"AGB - Gesangsstudio - Anna Weber","isPartOf":{"@id":"https:\/\/www.singen-wien.at\/#website"},"datePublished":"2021-05-10T13:59:12+00:00","dateModified":"2021-05-10T14:00:13+00:00","breadcrumb":{"@id":"https:\/\/www.singen-wien.at\/?page_id=419#breadcrumb"},"inLanguage":"de-AT","potentialAction":[{"@type":"ReadAction","target":["https:\/\/www.singen-wien.at\/?page_id=419"]}]},{"@type":"BreadcrumbList","@id":"https:\/\/www.singen-wien.at\/?page_id=419#breadcrumb","itemListElement":[{"@type":"ListItem","position":1,"name":"Home","item":"https:\/\/www.singen-wien.at\/"},{"@type":"ListItem","position":2,"name":"AGB"}]},{"@type":"WebSite","@id":"https:\/\/www.singen-wien.at\/#website","url":"https:\/\/www.singen-wien.at\/","name":"Gesangsstudio - Anna Weber","description":"Einfach singen","publisher":{"@id":"https:\/\/www.singen-wien.at\/#\/schema\/person\/a6189d8b82f72ae72b8d64dc9155e0a3"},"potentialAction":[{"@type":"SearchAction","target":{"@type":"EntryPoint","urlTemplate":"https:\/\/www.singen-wien.at\/?s={search_term_string}"},"query-input":{"@type":"PropertyValueSpecification","valueRequired":true,"valueName":"search_term_string"}}],"inLanguage":"de-AT"},{"@type":["Person","Organization"],"@id":"https:\/\/www.singen-wien.at\/#\/schema\/person\/a6189d8b82f72ae72b8d64dc9155e0a3","name":"Anna Weber","image":{"@type":"ImageObject","inLanguage":"de-AT","@id":"https:\/\/www.singen-wien.at\/wp-content\/uploads\/2021\/06\/cropped-logoNeu2.png","url":"https:\/\/www.singen-wien.at\/wp-content\/uploads\/2021\/06\/cropped-logoNeu2.png","contentUrl":"https:\/\/www.singen-wien.at\/wp-content\/uploads\/2021\/06\/cropped-logoNeu2.png","width":360,"height":57,"caption":"Anna Weber"},"logo":{"@id":"https:\/\/www.singen-wien.at\/wp-content\/uploads\/2021\/06\/cropped-logoNeu2.png"}}]}},"_links":{"self":[{"href":"https:\/\/www.singen-wien.at\/index.php?rest_route=\/wp\/v2\/pages\/419","targetHints":{"allow":["GET"]}}],"collection":[{"href":"https:\/\/www.singen-wien.at\/index.php?rest_route=\/wp\/v2\/pages"}],"about":[{"href":"https:\/\/www.singen-wien.at\/index.php?rest_route=\/wp\/v2\/types\/page"}],"author":[{"embeddable":true,"href":"https:\/\/www.singen-wien.at\/index.php?rest_route=\/wp\/v2\/users\/3"}],"replies":[{"embeddable":true,"href":"https:\/\/www.singen-wien.at\/index.php?rest_route=%2Fwp%2Fv2%2Fcomments&post=419"}],"version-history":[{"count":2,"href":"https:\/\/www.singen-wien.at\/index.php?rest_route=\/wp\/v2\/pages\/419\/revisions"}],"predecessor-version":[{"id":423,"href":"https:\/\/www.singen-wien.at\/index.php?rest_route=\/wp\/v2\/pages\/419\/revisions\/423"}],"wp:attachment":[{"href":"https:\/\/www.singen-wien.at\/index.php?rest_route=%2Fwp%2Fv2%2Fmedia&parent=419"}],"curies":[{"name":"wp","href":"https:\/\/api.w.org\/{rel}","templated":true}]}}