{"id":415,"date":"2021-05-10T13:51:30","date_gmt":"2021-05-10T13:51:30","guid":{"rendered":"http:\/\/www.singen-wien.at\/?page_id=415"},"modified":"2026-02-12T22:49:43","modified_gmt":"2026-02-12T22:49:43","slug":"impressum","status":"publish","type":"page","link":"https:\/\/www.singen-wien.at\/?page_id=415","title":{"rendered":"Impressum"},"content":{"rendered":"\t\t<div data-elementor-type=\"wp-page\" data-elementor-id=\"415\" class=\"elementor elementor-415\">\n\t\t\t\t\t\t<section class=\"elementor-section elementor-top-section elementor-element elementor-element-445eb76 elementor-section-boxed elementor-section-height-default elementor-section-height-default\" data-id=\"445eb76\" data-element_type=\"section\">\n\t\t\t\t\t\t<div class=\"elementor-container elementor-column-gap-default\">\n\t\t\t\t\t<div class=\"elementor-column elementor-col-100 elementor-top-column elementor-element elementor-element-1ff0d443\" data-id=\"1ff0d443\" data-element_type=\"column\">\n\t\t\t<div class=\"elementor-widget-wrap elementor-element-populated\">\n\t\t\t\t\t\t<div class=\"elementor-element elementor-element-1e53a5bd elementor-widget elementor-widget-text-editor\" data-id=\"1e53a5bd\" data-element_type=\"widget\" data-widget_type=\"text-editor.default\">\n\t\t\t\t<div class=\"elementor-widget-container\">\n\t\t\t\t\t\t\t<h3>Impressum<\/h3><p>Anna Weber, BA BA<br \/>Ramperstorffergasse 62\/12-13<br \/>1050 Wien<br \/>\u00d6sterreich<\/p><p>Telefon: +43 670\/5532666<br \/>E-Mail: weberanna@gmx.at<\/p><p>Unternehmensgegenstand: Gesangsunterricht &#8211; Stimmbildung<\/p><p>Gesellschaftsform: Einzelunternehmen<\/p><p>Webdesign &amp; Umsetzung: Stella Kucera, Lorenz Weber<\/p><p>Copyright Fotos: Maximilian Salzer<\/p><p>Urheberrecht: Die gesamten Inhalte dieser Webseite unterliegen dem Urheberrecht. Falls erforderlich, werden wir die unerlaubte Nutzung von Teilen der Inhalte unserer Seite rechtlich verfolgen. Sollten Sie auf eine Urheberrechtsverletzung aufmerksam werden, bitten wir um einen entsprechenden Hinweis.<\/p><p>Externe Links: Auf dieser Website befinden sich Links zu externen Websiten. F\u00fcr die Inhalte dieser verlinkten Websites sind diese selbst verantwortlich. Gem\u00e4\u00df \u00a717 E-Commerce Gesetz wird f\u00fcr Inhalte von externen Links keine Haftung \u00fcbernommen.<\/p><p>EU- Streitschlichtung: Angaben zur Online-Streitbeilegung: Verbraucher haben die M\u00f6glichkeit, Beschwerden an die Online Streitbeilegungsplattform der EU zu richten: <a href=\"https:\/\/ec.europa.eu\/consumers\/odr\/main\/index.cfm?event=main.home2.show&amp;lng=DE\">https:\/\/ec.europa.eu\/consumers\/odr\/main\/index.cfm?event=main.home2.show&amp;lng=DE<\/a><br \/>Allf\u00e4llige Beschwerden k\u00f6nnen auch an die oben angegebene Email-Adresse gerichtet werden.<\/p>\t\t\t\t\t\t<\/div>\n\t\t\t\t<\/div>\n\t\t\t\t\t<\/div>\n\t\t<\/div>\n\t\t\t\t\t<\/div>\n\t\t<\/section>\n\t\t\t\t<\/div>\n\t\t","protected":false},"excerpt":{"rendered":"<p>Impressum Anna Weber, BA BARamperstorffergasse 62\/12-131050 Wien\u00d6sterreich Telefon: +43 670\/5532666E-Mail: weberanna@gmx.at Unternehmensgegenstand: Gesangsunterricht &#8211; Stimmbildung Gesellschaftsform: Einzelunternehmen Webdesign &amp; Umsetzung: Stella Kucera, Lorenz Weber Copyright Fotos: Maximilian Salzer Urheberrecht: Die gesamten Inhalte dieser Webseite unterliegen dem Urheberrecht. Falls erforderlich, werden wir die unerlaubte Nutzung von Teilen der Inhalte unserer Seite rechtlich verfolgen. Sollten Sie auf &hellip;<\/p>\n<p class=\"read-more\"> <a class=\"\" href=\"https:\/\/www.singen-wien.at\/?page_id=415\"> <span class=\"screen-reader-text\">Impressum<\/span> Read More &raquo;<\/a><\/p>\n","protected":false},"author":3,"featured_media":0,"parent":0,"menu_order":0,"comment_status":"closed","ping_status":"closed","template":"","meta":{"footnotes":""},"class_list":["post-415","page","type-page","status-publish","hentry"],"yoast_head":"<!-- This site is optimized with the Yoast SEO plugin v27.4 - https:\/\/yoast.com\/product\/yoast-seo-wordpress\/ -->\n<title>Impressum - Gesangsstudio - Anna Weber<\/title>\n<meta name=\"robots\" content=\"index, follow, max-snippet:-1, max-image-preview:large, max-video-preview:-1\" \/>\n<link rel=\"canonical\" href=\"https:\/\/www.singen-wien.at\/?page_id=415\" \/>\n<meta property=\"og:locale\" content=\"de_DE\" \/>\n<meta property=\"og:type\" content=\"article\" \/>\n<meta property=\"og:title\" content=\"Impressum - Gesangsstudio - Anna Weber\" \/>\n<meta property=\"og:description\" content=\"Impressum Anna Weber, BA BARamperstorffergasse 62\/12-131050 Wien\u00d6sterreich Telefon: +43 670\/5532666E-Mail: weberanna@gmx.at Unternehmensgegenstand: Gesangsunterricht &#8211; Stimmbildung Gesellschaftsform: Einzelunternehmen Webdesign &amp; Umsetzung: Stella Kucera, Lorenz Weber Copyright Fotos: Maximilian Salzer Urheberrecht: Die gesamten Inhalte dieser Webseite unterliegen dem Urheberrecht. Falls erforderlich, werden wir die unerlaubte Nutzung von Teilen der Inhalte unserer Seite rechtlich verfolgen. Sollten Sie auf &hellip; Impressum Read More &raquo;\" \/>\n<meta property=\"og:url\" content=\"https:\/\/www.singen-wien.at\/?page_id=415\" \/>\n<meta property=\"og:site_name\" content=\"Gesangsstudio - Anna Weber\" \/>\n<meta property=\"article:modified_time\" content=\"2026-02-12T22:49:43+00:00\" \/>\n<meta name=\"twitter:card\" content=\"summary_large_image\" \/>\n<meta name=\"twitter:label1\" content=\"Gesch\u00e4tzte Lesezeit\" \/>\n\t<meta name=\"twitter:data1\" content=\"10 Minuten\" \/>\n<script type=\"application\/ld+json\" class=\"yoast-schema-graph\">{\"@context\":\"https:\\\/\\\/schema.org\",\"@graph\":[{\"@type\":\"WebPage\",\"@id\":\"https:\\\/\\\/www.singen-wien.at\\\/?page_id=415\",\"url\":\"https:\\\/\\\/www.singen-wien.at\\\/?page_id=415\",\"name\":\"Impressum - Gesangsstudio - Anna Weber\",\"isPartOf\":{\"@id\":\"https:\\\/\\\/www.singen-wien.at\\\/#website\"},\"datePublished\":\"2021-05-10T13:51:30+00:00\",\"dateModified\":\"2026-02-12T22:49:43+00:00\",\"breadcrumb\":{\"@id\":\"https:\\\/\\\/www.singen-wien.at\\\/?page_id=415#breadcrumb\"},\"inLanguage\":\"de-AT\",\"potentialAction\":[{\"@type\":\"ReadAction\",\"target\":[\"https:\\\/\\\/www.singen-wien.at\\\/?page_id=415\"]}]},{\"@type\":\"BreadcrumbList\",\"@id\":\"https:\\\/\\\/www.singen-wien.at\\\/?page_id=415#breadcrumb\",\"itemListElement\":[{\"@type\":\"ListItem\",\"position\":1,\"name\":\"Home\",\"item\":\"https:\\\/\\\/www.singen-wien.at\\\/\"},{\"@type\":\"ListItem\",\"position\":2,\"name\":\"Impressum\"}]},{\"@type\":\"WebSite\",\"@id\":\"https:\\\/\\\/www.singen-wien.at\\\/#website\",\"url\":\"https:\\\/\\\/www.singen-wien.at\\\/\",\"name\":\"Gesangsstudio - Anna Weber\",\"description\":\"Einfach singen\",\"publisher\":{\"@id\":\"https:\\\/\\\/www.singen-wien.at\\\/#\\\/schema\\\/person\\\/a6189d8b82f72ae72b8d64dc9155e0a3\"},\"potentialAction\":[{\"@type\":\"SearchAction\",\"target\":{\"@type\":\"EntryPoint\",\"urlTemplate\":\"https:\\\/\\\/www.singen-wien.at\\\/?s={search_term_string}\"},\"query-input\":{\"@type\":\"PropertyValueSpecification\",\"valueRequired\":true,\"valueName\":\"search_term_string\"}}],\"inLanguage\":\"de-AT\"},{\"@type\":[\"Person\",\"Organization\"],\"@id\":\"https:\\\/\\\/www.singen-wien.at\\\/#\\\/schema\\\/person\\\/a6189d8b82f72ae72b8d64dc9155e0a3\",\"name\":\"Anna Weber\",\"image\":{\"@type\":\"ImageObject\",\"inLanguage\":\"de-AT\",\"@id\":\"https:\\\/\\\/www.singen-wien.at\\\/wp-content\\\/uploads\\\/2021\\\/06\\\/cropped-logoNeu2.png\",\"url\":\"https:\\\/\\\/www.singen-wien.at\\\/wp-content\\\/uploads\\\/2021\\\/06\\\/cropped-logoNeu2.png\",\"contentUrl\":\"https:\\\/\\\/www.singen-wien.at\\\/wp-content\\\/uploads\\\/2021\\\/06\\\/cropped-logoNeu2.png\",\"width\":360,\"height\":57,\"caption\":\"Anna Weber\"},\"logo\":{\"@id\":\"https:\\\/\\\/www.singen-wien.at\\\/wp-content\\\/uploads\\\/2021\\\/06\\\/cropped-logoNeu2.png\"}}]}<\/script>\n<!-- \/ Yoast SEO plugin. -->","yoast_head_json":{"title":"Impressum - Gesangsstudio - Anna Weber","robots":{"index":"index","follow":"follow","max-snippet":"max-snippet:-1","max-image-preview":"max-image-preview:large","max-video-preview":"max-video-preview:-1"},"canonical":"https:\/\/www.singen-wien.at\/?page_id=415","og_locale":"de_DE","og_type":"article","og_title":"Impressum - Gesangsstudio - Anna Weber","og_description":"Impressum Anna Weber, BA BARamperstorffergasse 62\/12-131050 Wien\u00d6sterreich Telefon: +43 670\/5532666E-Mail: weberanna@gmx.at Unternehmensgegenstand: Gesangsunterricht &#8211; Stimmbildung Gesellschaftsform: Einzelunternehmen Webdesign &amp; Umsetzung: Stella Kucera, Lorenz Weber Copyright Fotos: Maximilian Salzer Urheberrecht: Die gesamten Inhalte dieser Webseite unterliegen dem Urheberrecht. Falls erforderlich, werden wir die unerlaubte Nutzung von Teilen der Inhalte unserer Seite rechtlich verfolgen. Sollten Sie auf &hellip; Impressum Read More &raquo;","og_url":"https:\/\/www.singen-wien.at\/?page_id=415","og_site_name":"Gesangsstudio - Anna Weber","article_modified_time":"2026-02-12T22:49:43+00:00","twitter_card":"summary_large_image","twitter_misc":{"Gesch\u00e4tzte Lesezeit":"10 Minuten"},"schema":{"@context":"https:\/\/schema.org","@graph":[{"@type":"WebPage","@id":"https:\/\/www.singen-wien.at\/?page_id=415","url":"https:\/\/www.singen-wien.at\/?page_id=415","name":"Impressum - Gesangsstudio - Anna Weber","isPartOf":{"@id":"https:\/\/www.singen-wien.at\/#website"},"datePublished":"2021-05-10T13:51:30+00:00","dateModified":"2026-02-12T22:49:43+00:00","breadcrumb":{"@id":"https:\/\/www.singen-wien.at\/?page_id=415#breadcrumb"},"inLanguage":"de-AT","potentialAction":[{"@type":"ReadAction","target":["https:\/\/www.singen-wien.at\/?page_id=415"]}]},{"@type":"BreadcrumbList","@id":"https:\/\/www.singen-wien.at\/?page_id=415#breadcrumb","itemListElement":[{"@type":"ListItem","position":1,"name":"Home","item":"https:\/\/www.singen-wien.at\/"},{"@type":"ListItem","position":2,"name":"Impressum"}]},{"@type":"WebSite","@id":"https:\/\/www.singen-wien.at\/#website","url":"https:\/\/www.singen-wien.at\/","name":"Gesangsstudio - Anna Weber","description":"Einfach singen","publisher":{"@id":"https:\/\/www.singen-wien.at\/#\/schema\/person\/a6189d8b82f72ae72b8d64dc9155e0a3"},"potentialAction":[{"@type":"SearchAction","target":{"@type":"EntryPoint","urlTemplate":"https:\/\/www.singen-wien.at\/?s={search_term_string}"},"query-input":{"@type":"PropertyValueSpecification","valueRequired":true,"valueName":"search_term_string"}}],"inLanguage":"de-AT"},{"@type":["Person","Organization"],"@id":"https:\/\/www.singen-wien.at\/#\/schema\/person\/a6189d8b82f72ae72b8d64dc9155e0a3","name":"Anna Weber","image":{"@type":"ImageObject","inLanguage":"de-AT","@id":"https:\/\/www.singen-wien.at\/wp-content\/uploads\/2021\/06\/cropped-logoNeu2.png","url":"https:\/\/www.singen-wien.at\/wp-content\/uploads\/2021\/06\/cropped-logoNeu2.png","contentUrl":"https:\/\/www.singen-wien.at\/wp-content\/uploads\/2021\/06\/cropped-logoNeu2.png","width":360,"height":57,"caption":"Anna Weber"},"logo":{"@id":"https:\/\/www.singen-wien.at\/wp-content\/uploads\/2021\/06\/cropped-logoNeu2.png"}}]}},"_links":{"self":[{"href":"https:\/\/www.singen-wien.at\/index.php?rest_route=\/wp\/v2\/pages\/415","targetHints":{"allow":["GET"]}}],"collection":[{"href":"https:\/\/www.singen-wien.at\/index.php?rest_route=\/wp\/v2\/pages"}],"about":[{"href":"https:\/\/www.singen-wien.at\/index.php?rest_route=\/wp\/v2\/types\/page"}],"author":[{"embeddable":true,"href":"https:\/\/www.singen-wien.at\/index.php?rest_route=\/wp\/v2\/users\/3"}],"replies":[{"embeddable":true,"href":"https:\/\/www.singen-wien.at\/index.php?rest_route=%2Fwp%2Fv2%2Fcomments&post=415"}],"version-history":[{"count":12,"href":"https:\/\/www.singen-wien.at\/index.php?rest_route=\/wp\/v2\/pages\/415\/revisions"}],"predecessor-version":[{"id":604,"href":"https:\/\/www.singen-wien.at\/index.php?rest_route=\/wp\/v2\/pages\/415\/revisions\/604"}],"wp:attachment":[{"href":"https:\/\/www.singen-wien.at\/index.php?rest_route=%2Fwp%2Fv2%2Fmedia&parent=415"}],"curies":[{"name":"wp","href":"https:\/\/api.w.org\/{rel}","templated":true}]}}